{"id":2,"date":"2020-02-19T08:18:37","date_gmt":"2020-02-19T08:18:37","guid":{"rendered":"https:\/\/www.digitaliasoluciones.es\/?page_id=2"},"modified":"2021-05-14T06:26:45","modified_gmt":"2021-05-14T06:26:45","slug":"sample-page","status":"publish","type":"page","link":"https:\/\/www.digitaliasoluciones.es\/es\/","title":{"rendered":"Home"},"content":{"rendered":"<p><div id=\"aboutus\"><div class=\"fusion-fullwidth fullwidth-box fusion-builder-row-1 fusion-parallax-none nonhundred-percent-fullwidth non-hundred-percent-height-scrolling\" style=\"background-color: rgba(255,255,255,0);background-image: url(&quot;https:\/\/www.digitaliasoluciones.es\/wp-content\/uploads\/2020\/10\/Home-Digitalia-Soluciones.jpg&quot;);background-position: center center;background-repeat: no-repeat;padding-top:250px;padding-right:0px;padding-bottom:250px;padding-left:0px;margin-bottom: 0px;margin-top: 0px;border-width: 0px 0px 0px 0px;border-color:#e2e2e2;border-style:solid;-webkit-background-size:cover;-moz-background-size:cover;-o-background-size:cover;background-size:cover;\" ><div class=\"fusion-builder-row fusion-row\"><div class=\"fusion-layout-column fusion_builder_column fusion-builder-column-0 fusion_builder_column_1_2 1_2 fusion-one-half fusion-column-first\" style=\"width:50%;width:calc(50% - ( ( 4% ) * 0.5 ) );margin-right: 4%;margin-top:0px;margin-bottom:20px;\"><div class=\"fusion-column-wrapper fusion-flex-column-wrapper-legacy\" style=\"background-position:left top;background-repeat:no-repeat;-webkit-background-size:cover;-moz-background-size:cover;-o-background-size:cover;background-size:cover;background-color:rgba(0,0,0,0.8);padding: 1% 0px 0px 5%;\"><style type=\"text\/css\"><\/style><div class=\"fusion-title title fusion-title-1 fusion-sep-none fusion-title-text fusion-title-size-one\" style=\"font-size:42px;margin-top:10px;margin-right:0px;margin-bottom:15px;margin-left:0px;\"><h1 class=\"title-heading-left\" style=\"margin:0;font-size:1em;\"><h1><span style=\"color: #ffffff;\">DIGITALIA<\/span><br \/>\n<span style=\"color: #ffffff;\">SOLUCIONES<\/span><\/h1><\/h1><\/div><div class=\"fusion-clearfix\"><\/div><\/div><\/div><\/div><\/div><\/div><div id=\"aboutus\"><div class=\"fusion-fullwidth fullwidth-box fusion-builder-row-2 nonhundred-percent-fullwidth non-hundred-percent-height-scrolling\" style=\"background-color: rgba(255,255,255,0);background-position: center center;background-repeat: no-repeat;padding-top:15px;padding-right:0px;padding-bottom:0px;padding-left:0px;margin-bottom: 150px;margin-top: 150px;border-width: 0px 0px 0px 0px;border-color:#e2e2e2;border-style:solid;\" ><div class=\"fusion-builder-row fusion-row\"><div class=\"fusion-layout-column fusion_builder_column fusion-builder-column-1 fusion_builder_column_1_2 1_2 fusion-one-half fusion-column-first\" style=\"width:50%;width:calc(50% - ( ( 4% ) * 0.5 ) );margin-right: 4%;margin-top:0px;margin-bottom:20px;\"><div class=\"fusion-column-wrapper fusion-flex-column-wrapper-legacy\" style=\"background-position:left top;background-repeat:no-repeat;-webkit-background-size:cover;-moz-background-size:cover;-o-background-size:cover;background-size:cover;padding: 0px 0px 0px 0px;\"><style type=\"text\/css\"><\/style><div class=\"fusion-title title fusion-title-2 fusion-sep-none fusion-title-text fusion-title-size-one\" style=\"font-size:42px;margin-top:10px;margin-right:0px;margin-bottom:15px;margin-left:0px;\"><h1 class=\"title-heading-left\" style=\"margin:0;font-size:1em;\">SOBRE NOSOTROS<\/h1><\/div><div class=\"fusion-sep-clear\"><\/div><div class=\"fusion-separator fusion-full-width-sep\" style=\"margin-left: auto;margin-right: auto;margin-bottom:15px;width:100%;\"><\/div><div class=\"fusion-sep-clear\"><\/div><div class=\"fusion-text fusion-text-1\"><p>DIGITALIA es una empresa de base tecnol\u00f3gica fundada en mayo de 2017, con el objetivo de aportar soluciones innovadoras aplicadas al \u00e1mbito de la ingenier\u00eda civil e industrial, teniendo en cuenta que la investigaci\u00f3n y la innovaci\u00f3n es la herramienta clave para penetrar eficazmente en el mercado espa\u00f1ol e internacional, ofreciendo as\u00ed un servicio de valor a\u00f1adido frente a la competencia existente.<\/p>\n<p>Dada la capacidad de los fundadores, con amplia experiencia en el campo de la investigaci\u00f3n e innovaci\u00f3n vinculada a las infraestructuras, DIGITALIA se ha centrado en soluciones vinculadas a la monitorizaci\u00f3n en tiempo real de estructuras y al mantenimiento predictivo, entendiendo este aspecto como muy importante en el campo de la ingenier\u00eda del futuro pr\u00f3ximo, debido al progresivo envejecimiento de las infraestructuras existentes y a los limitados presupuestos de las entidades encargadas de su mantenimiento.<\/p>\n<\/div><div class=\"fusion-clearfix\"><\/div><\/div><\/div><div class=\"fusion-layout-column fusion_builder_column fusion-builder-column-2 fusion_builder_column_1_2 1_2 fusion-one-half fusion-column-last\" style=\"width:50%;width:calc(50% - ( ( 4% ) * 0.5 ) );margin-top:0px;margin-bottom:20px;\"><div class=\"fusion-column-wrapper fusion-flex-column-wrapper-legacy\" style=\"background-position:left top;background-repeat:no-repeat;-webkit-background-size:cover;-moz-background-size:cover;-o-background-size:cover;background-size:cover;padding: 60px 0px 0px 0px;\"><div class=\"fusion-sep-clear\"><\/div><div class=\"fusion-separator fusion-full-width-sep\" style=\"margin-left: auto;margin-right: auto;margin-top:15px;width:100%;\"><\/div><div class=\"fusion-sep-clear\"><\/div><span class=\"fusion-imageframe imageframe-none imageframe-1 hover-type-none\"><img decoding=\"async\" width=\"1469\" height=\"936\" title=\"Asian business woman manager analyzing datum in charts and typin\" src=\"https:\/\/www.digitaliasoluciones.es\/wp-content\/uploads\/2020\/02\/Investigacion-Talisman-Projects-Hardware-Software.jpg\" class=\"img-responsive wp-image-11\" srcset=\"https:\/\/www.digitaliasoluciones.es\/wp-content\/uploads\/2020\/02\/Investigacion-Talisman-Projects-Hardware-Software-200x127.jpg 200w, https:\/\/www.digitaliasoluciones.es\/wp-content\/uploads\/2020\/02\/Investigacion-Talisman-Projects-Hardware-Software-400x255.jpg 400w, https:\/\/www.digitaliasoluciones.es\/wp-content\/uploads\/2020\/02\/Investigacion-Talisman-Projects-Hardware-Software-600x382.jpg 600w, https:\/\/www.digitaliasoluciones.es\/wp-content\/uploads\/2020\/02\/Investigacion-Talisman-Projects-Hardware-Software-800x510.jpg 800w, https:\/\/www.digitaliasoluciones.es\/wp-content\/uploads\/2020\/02\/Investigacion-Talisman-Projects-Hardware-Software-1200x765.jpg 1200w, https:\/\/www.digitaliasoluciones.es\/wp-content\/uploads\/2020\/02\/Investigacion-Talisman-Projects-Hardware-Software.jpg 1469w\" sizes=\"(max-width: 800px) 100vw, 600px\" \/><\/span><div class=\"fusion-clearfix\"><\/div><\/div><\/div><\/div><\/div><\/div><\/p>","protected":false},"excerpt":{"rendered":"","protected":false},"author":3,"featured_media":0,"parent":0,"menu_order":0,"comment_status":"closed","ping_status":"closed","template":"100-width.php","meta":{"footnotes":""},"class_list":["post-2","page","type-page","status-publish","hentry"],"_links":{"self":[{"href":"https:\/\/www.digitaliasoluciones.es\/es\/wp-json\/wp\/v2\/pages\/2","targetHints":{"allow":["GET"]}}],"collection":[{"href":"https:\/\/www.digitaliasoluciones.es\/es\/wp-json\/wp\/v2\/pages"}],"about":[{"href":"https:\/\/www.digitaliasoluciones.es\/es\/wp-json\/wp\/v2\/types\/page"}],"author":[{"embeddable":true,"href":"https:\/\/www.digitaliasoluciones.es\/es\/wp-json\/wp\/v2\/users\/3"}],"replies":[{"embeddable":true,"href":"https:\/\/www.digitaliasoluciones.es\/es\/wp-json\/wp\/v2\/comments?post=2"}],"version-history":[{"count":0,"href":"https:\/\/www.digitaliasoluciones.es\/es\/wp-json\/wp\/v2\/pages\/2\/revisions"}],"wp:attachment":[{"href":"https:\/\/www.digitaliasoluciones.es\/es\/wp-json\/wp\/v2\/media?parent=2"}],"curies":[{"name":"wp","href":"https:\/\/api.w.org\/{rel}","templated":true}]}}