{"id":146,"date":"2020-10-13T08:56:04","date_gmt":"2020-10-13T08:56:04","guid":{"rendered":"https:\/\/www.digitaliasoluciones.es\/?page_id=146"},"modified":"2020-10-13T10:13:17","modified_gmt":"2020-10-13T10:13:17","slug":"gencis","status":"publish","type":"page","link":"https:\/\/www.digitaliasoluciones.es\/es\/gencis\/","title":{"rendered":"GENCIS"},"content":{"rendered":"<p><div id=\"aboutus\"><div class=\"fusion-fullwidth fullwidth-box fusion-builder-row-1 fusion-parallax-none nonhundred-percent-fullwidth non-hundred-percent-height-scrolling\" style=\"background-color: rgba(255,255,255,0);background-image: url(&quot;https:\/\/www.digitaliasoluciones.es\/wp-content\/uploads\/2020\/10\/salmones.jpg&quot;);background-position: center center;background-repeat: no-repeat;padding-top:250px;padding-right:0px;padding-bottom:320px;padding-left:0px;margin-bottom: 0px;margin-top: 0px;border-width: 0px 0px 0px 0px;border-color:#e2e2e2;border-style:solid;-webkit-background-size:cover;-moz-background-size:cover;-o-background-size:cover;background-size:cover;\" ><div class=\"fusion-builder-row fusion-row\"><div class=\"fusion-layout-column fusion_builder_column fusion-builder-column-0 fusion_builder_column_1_2 1_2 fusion-one-half fusion-column-first\" style=\"width:50%;width:calc(50% - ( ( 4% ) * 0.5 ) );margin-right: 4%;margin-top:0px;margin-bottom:20px;\"><div class=\"fusion-column-wrapper fusion-flex-column-wrapper-legacy\" style=\"background-position:left top;background-repeat:no-repeat;-webkit-background-size:cover;-moz-background-size:cover;-o-background-size:cover;background-size:cover;padding: 0px 0px 0px 0px;\"><style type=\"text\/css\"><\/style><div class=\"fusion-title title fusion-title-1 fusion-sep-none fusion-title-text fusion-title-size-one\" style=\"font-size:42px;margin-top:10px;margin-right:0px;margin-bottom:15px;margin-left:0px;\"><h1 class=\"title-heading-left\" style=\"margin:0;font-size:1em;\"><h1><span style=\"color: #ffffff;\">GENCIS<\/span><\/h1><\/h1><\/div><div class=\"fusion-clearfix\"><\/div><\/div><\/div><\/div><\/div><\/div><div id=\"aboutus\"><div class=\"fusion-fullwidth fullwidth-box fusion-builder-row-2 nonhundred-percent-fullwidth non-hundred-percent-height-scrolling\" style=\"background-color: rgba(255,255,255,0);background-position: center center;background-repeat: no-repeat;padding-top:15px;padding-right:0px;padding-bottom:0px;padding-left:0px;margin-bottom: 0px;margin-top: 150px;border-width: 0px 0px 0px 0px;border-color:#e2e2e2;border-style:solid;\" ><div class=\"fusion-builder-row fusion-row\"><div class=\"fusion-layout-column fusion_builder_column fusion-builder-column-1 fusion_builder_column_1_1 1_1 fusion-one-full fusion-column-first fusion-column-last\" style=\"margin-top:0px;margin-bottom:20px;\"><div class=\"fusion-column-wrapper fusion-flex-column-wrapper-legacy\" style=\"background-position:left top;background-repeat:no-repeat;-webkit-background-size:cover;-moz-background-size:cover;-o-background-size:cover;background-size:cover;padding: 0px 0px 0px 0px;\"><style type=\"text\/css\"><\/style><div class=\"fusion-title title fusion-title-2 fusion-sep-none fusion-title-text fusion-title-size-one\" style=\"font-size:42px;margin-top:10px;margin-right:0px;margin-bottom:15px;margin-left:0px;\"><h1 class=\"title-heading-left\" style=\"margin:0;font-size:1em;\"><h2>Qu\u00e9 es GENCIS?<\/h2><\/h1><\/div><div class=\"fusion-text fusion-text-1\"><p style=\"text-align: justify;\">GENCIS es la \u00fanica tecnolog\u00eda capaz de clasificar autom\u00e1ticamente los peces en tiempo real con precisi\u00f3n y con una alta tasa de producci\u00f3n (1 pez cada 8 segundos). El sistema se basa en el uso de un dispositivo ultras\u00f3nico que es capaz de detectar autom\u00e1ticamente los \u00f3rganos gonadales del pez (adquisici\u00f3n de datos). Estas im\u00e1genes ultras\u00f3nicas se procesan autom\u00e1ticamente en tiempo real a trav\u00e9s de un software de reconocimiento de im\u00e1genes y una red neuronal (procesamiento de im\u00e1genes) entrenada para determinar su g\u00e9nero. A continuaci\u00f3n, el sistema activar\u00e1 un pist\u00f3n que desviar\u00e1 a los peces a diferentes tanques seg\u00fan su g\u00e9nero.<\/p>\n<p style=\"text-align: justify;\">El sistema es capaz de identificar el g\u00e9nero de los peces en un peso de entre 50 y 80 g (hoy en d\u00eda se hace a 150 g) para salmones y truchas (salm\u00f3nidos ''). familia); y 120g para la lubina (actualmente no clasificada), que corresponde a aproximadamente 11 meses tras su fecundaci\u00f3n.<\/p>\n<p style=\"text-align: justify;\">El hecho de poder clasificar el salm\u00f3n con un peso tan bajo hace que sea perfecto para usar el sistema, ya que los peces se cambian de las granjas de alevines a las ubicaciones de crecimiento (aproximadamente 10 meses despu\u00e9s de la fertilizaci\u00f3n). Como resultado, GENCIS se instalar\u00e1 como una m\u00e1quina independiente en la instalaci\u00f3n costera cerca del sitio marino, ya que los alevines se transportan por carretera hasta la instalaci\u00f3n costera y posteriormente se transportan en botes. En cuanto a la trucha, dada la naturaleza del tipo de agua, el sistema se instalar\u00e1 en las instalaciones de cr\u00eda de agua dulce conectadas a las instalaciones de distribuci\u00f3n existentes. Con respecto a la lubina, dado que el desarrollo de las g\u00f3nadas lleva casi un a\u00f1o, GENCIS se instalar\u00e1 cerca de los sitios marinos y los peces se clasificar\u00e1n mientras se cambian de tanque.<\/p>\n<\/div><div class=\"fusion-clearfix\"><\/div><\/div><\/div><\/div><\/div><\/div><div id=\"aboutus\"><div class=\"fusion-fullwidth fullwidth-box fusion-builder-row-3 nonhundred-percent-fullwidth non-hundred-percent-height-scrolling\" style=\"background-color: rgba(255,255,255,0);background-position: center center;background-repeat: no-repeat;padding-top:0px;padding-right:0px;padding-bottom:0px;padding-left:0px;margin-bottom: 50px;margin-top: 50px;border-width: 0px 0px 0px 0px;border-color:#e2e2e2;border-style:solid;\" ><div class=\"fusion-builder-row fusion-row\"><div class=\"fusion-layout-column fusion_builder_column fusion-builder-column-2 fusion_builder_column_1_1 1_1 fusion-one-full fusion-column-first fusion-column-last\" style=\"margin-top:0px;margin-bottom:20px;\"><div class=\"fusion-column-wrapper fusion-flex-column-wrapper-legacy\" style=\"background-position:left top;background-repeat:no-repeat;-webkit-background-size:cover;-moz-background-size:cover;-o-background-size:cover;background-size:cover;padding: 0px 0px 0px 0px;\"><style type=\"text\/css\"><\/style><div class=\"fusion-title title fusion-title-3 fusion-sep-none fusion-title-text fusion-title-size-one\" style=\"font-size:42px;margin-top:10px;margin-right:0px;margin-bottom:15px;margin-left:0px;\"><h1 class=\"title-heading-left\" style=\"margin:0;font-size:1em;\"><h2>Soluci\u00f3n GENCIS<\/h2><\/h1><\/div><div class=\"fusion-sep-clear\"><\/div><div class=\"fusion-separator fusion-full-width-sep\" style=\"margin-left: auto;margin-right: auto;margin-bottom:15px;width:100%;\"><\/div><div class=\"fusion-sep-clear\"><\/div><span class=\"fusion-imageframe imageframe-none imageframe-1 hover-type-none\"><img decoding=\"async\" width=\"696\" height=\"459\" title=\"Gencis Solution\" src=\"https:\/\/www.digitaliasoluciones.es\/wp-content\/uploads\/2020\/10\/Gencis-Solution.png\" class=\"img-responsive wp-image-153\" srcset=\"https:\/\/www.digitaliasoluciones.es\/wp-content\/uploads\/2020\/10\/Gencis-Solution-200x132.png 200w, https:\/\/www.digitaliasoluciones.es\/wp-content\/uploads\/2020\/10\/Gencis-Solution-400x264.png 400w, https:\/\/www.digitaliasoluciones.es\/wp-content\/uploads\/2020\/10\/Gencis-Solution-600x396.png 600w, https:\/\/www.digitaliasoluciones.es\/wp-content\/uploads\/2020\/10\/Gencis-Solution.png 696w\" sizes=\"(max-width: 800px) 100vw, 696px\" \/><\/span><div class=\"fusion-sep-clear\"><\/div><div class=\"fusion-separator fusion-full-width-sep\" style=\"margin-left: auto;margin-right: auto;margin-bottom:50px;width:100%;\"><\/div><div class=\"fusion-sep-clear\"><\/div><span class=\"fusion-imageframe imageframe-none imageframe-2 hover-type-none\"><img decoding=\"async\" width=\"1750\" height=\"490\" title=\"GENCIS-ESQUEMA\" src=\"https:\/\/www.digitaliasoluciones.es\/wp-content\/uploads\/2020\/10\/GENCIS-ESQUEMA.jpg\" class=\"img-responsive wp-image-152\" srcset=\"https:\/\/www.digitaliasoluciones.es\/wp-content\/uploads\/2020\/10\/GENCIS-ESQUEMA-200x56.jpg 200w, https:\/\/www.digitaliasoluciones.es\/wp-content\/uploads\/2020\/10\/GENCIS-ESQUEMA-400x112.jpg 400w, https:\/\/www.digitaliasoluciones.es\/wp-content\/uploads\/2020\/10\/GENCIS-ESQUEMA-600x168.jpg 600w, https:\/\/www.digitaliasoluciones.es\/wp-content\/uploads\/2020\/10\/GENCIS-ESQUEMA-800x224.jpg 800w, https:\/\/www.digitaliasoluciones.es\/wp-content\/uploads\/2020\/10\/GENCIS-ESQUEMA-1200x336.jpg 1200w, https:\/\/www.digitaliasoluciones.es\/wp-content\/uploads\/2020\/10\/GENCIS-ESQUEMA.jpg 1750w\" sizes=\"(max-width: 800px) 100vw, 1750px\" \/><\/span><div class=\"fusion-clearfix\"><\/div><\/div><\/div><\/div><\/div><\/div><\/p>","protected":false},"excerpt":{"rendered":"","protected":false},"author":3,"featured_media":0,"parent":0,"menu_order":0,"comment_status":"closed","ping_status":"closed","template":"100-width.php","meta":{"footnotes":""},"class_list":["post-146","page","type-page","status-publish","hentry"],"_links":{"self":[{"href":"https:\/\/www.digitaliasoluciones.es\/es\/wp-json\/wp\/v2\/pages\/146","targetHints":{"allow":["GET"]}}],"collection":[{"href":"https:\/\/www.digitaliasoluciones.es\/es\/wp-json\/wp\/v2\/pages"}],"about":[{"href":"https:\/\/www.digitaliasoluciones.es\/es\/wp-json\/wp\/v2\/types\/page"}],"author":[{"embeddable":true,"href":"https:\/\/www.digitaliasoluciones.es\/es\/wp-json\/wp\/v2\/users\/3"}],"replies":[{"embeddable":true,"href":"https:\/\/www.digitaliasoluciones.es\/es\/wp-json\/wp\/v2\/comments?post=146"}],"version-history":[{"count":0,"href":"https:\/\/www.digitaliasoluciones.es\/es\/wp-json\/wp\/v2\/pages\/146\/revisions"}],"wp:attachment":[{"href":"https:\/\/www.digitaliasoluciones.es\/es\/wp-json\/wp\/v2\/media?parent=146"}],"curies":[{"name":"wp","href":"https:\/\/api.w.org\/{rel}","templated":true}]}}