{"id":136,"date":"2020-10-13T08:24:01","date_gmt":"2020-10-13T08:24:01","guid":{"rendered":"https:\/\/www.digitaliasoluciones.es\/?page_id=136"},"modified":"2020-10-13T10:13:44","modified_gmt":"2020-10-13T10:13:44","slug":"rescon","status":"publish","type":"page","link":"https:\/\/www.digitaliasoluciones.es\/es\/rescon\/","title":{"rendered":"RESCON"},"content":{"rendered":"<p><div id=\"aboutus\"><div class=\"fusion-fullwidth fullwidth-box fusion-builder-row-1 fusion-parallax-none nonhundred-percent-fullwidth non-hundred-percent-height-scrolling\" style=\"background-color: rgba(255,255,255,0);background-image: url(&quot;https:\/\/www.digitaliasoluciones.es\/wp-content\/uploads\/2020\/10\/COSTMO-FOTO-PAGINA-PRINCIPAL.jpg&quot;);background-position: center center;background-repeat: no-repeat;padding-top:250px;padding-right:0px;padding-bottom:320px;padding-left:0px;margin-bottom: 0px;margin-top: 0px;border-width: 0px 0px 0px 0px;border-color:#e2e2e2;border-style:solid;-webkit-background-size:cover;-moz-background-size:cover;-o-background-size:cover;background-size:cover;\" ><div class=\"fusion-builder-row fusion-row\"><div class=\"fusion-layout-column fusion_builder_column fusion-builder-column-0 fusion_builder_column_1_2 1_2 fusion-one-half fusion-column-first\" style=\"width:50%;width:calc(50% - ( ( 4% ) * 0.5 ) );margin-right: 4%;margin-top:0px;margin-bottom:20px;\"><div class=\"fusion-column-wrapper fusion-flex-column-wrapper-legacy\" style=\"background-position:left top;background-repeat:no-repeat;-webkit-background-size:cover;-moz-background-size:cover;-o-background-size:cover;background-size:cover;padding: 0px 0px 0px 0px;\"><style type=\"text\/css\"><\/style><div class=\"fusion-title title fusion-title-1 fusion-sep-none fusion-title-text fusion-title-size-one\" style=\"font-size:42px;margin-top:10px;margin-right:0px;margin-bottom:15px;margin-left:0px;\"><h1 class=\"title-heading-left\" style=\"margin:0;font-size:1em;\"><h1><span style=\"color: #ffffff;\">RESCON<\/span><\/h1><\/h1><\/div><div class=\"fusion-clearfix\"><\/div><\/div><\/div><\/div><\/div><\/div><div id=\"aboutus\"><div class=\"fusion-fullwidth fullwidth-box fusion-builder-row-2 nonhundred-percent-fullwidth non-hundred-percent-height-scrolling\" style=\"background-color: rgba(255,255,255,0);background-position: center center;background-repeat: no-repeat;padding-top:15px;padding-right:0px;padding-bottom:0px;padding-left:0px;margin-bottom: 0px;margin-top: 150px;border-width: 0px 0px 0px 0px;border-color:#e2e2e2;border-style:solid;\" ><div class=\"fusion-builder-row fusion-row\"><div class=\"fusion-layout-column fusion_builder_column fusion-builder-column-1 fusion_builder_column_1_1 1_1 fusion-one-full fusion-column-first fusion-column-last\" style=\"margin-top:0px;margin-bottom:20px;\"><div class=\"fusion-column-wrapper fusion-flex-column-wrapper-legacy\" style=\"background-position:left top;background-repeat:no-repeat;-webkit-background-size:cover;-moz-background-size:cover;-o-background-size:cover;background-size:cover;padding: 0px 0px 0px 0px;\"><style type=\"text\/css\"><\/style><div class=\"fusion-title title fusion-title-2 fusion-sep-none fusion-title-text fusion-title-size-one\" style=\"font-size:42px;margin-top:10px;margin-right:0px;margin-bottom:15px;margin-left:0px;\"><h1 class=\"title-heading-left\" style=\"margin:0;font-size:1em;\"><h2>Qu\u00e9 es RESCON?<\/h2><\/h1><\/div><div class=\"fusion-text fusion-text-1\"><p style=\"text-align: justify;\"><span style=\"font-size: 24px; line-height: 1.6em; letter-spacing: -1px;\">\u00danico sistema que proporciona datos precisos en tiempo real de la resistencia del hormig\u00f3n en la obra.<\/span><\/p>\n<\/div><div class=\"fusion-text fusion-text-2\"><p style=\"text-align: justify;\">Nuestra tecnolog\u00eda rompe con los enfoques tradicionales de control de calidad del hormig\u00f3n, que se basan en el ensayo de probetas cil\u00edndricas y cubos de hormig\u00f3n normalizados, y permitir\u00e1 poner fin de una vez por todas a la utilizaci\u00f3n de grandes m\u00e1rgenes de tiempo que conducen a un aumento innecesario del coste del proyecto, a la infrautilizaci\u00f3n de los recursos, y a litigios y a posibles retrasos en los programas de construcci\u00f3n, con sus consiguientes penalizaciones econ\u00f3micas.<\/p>\n<\/div><div class=\"fusion-clearfix\"><\/div><\/div><\/div><\/div><\/div><\/div><div id=\"aboutus\"><div class=\"fusion-fullwidth fullwidth-box fusion-builder-row-3 nonhundred-percent-fullwidth non-hundred-percent-height-scrolling\" style=\"background-color: rgba(255,255,255,0);background-position: center center;background-repeat: no-repeat;padding-top:0px;padding-right:0px;padding-bottom:0px;padding-left:0px;margin-bottom: 0px;margin-top: 50px;border-width: 0px 0px 0px 0px;border-color:#e2e2e2;border-style:solid;\" ><div class=\"fusion-builder-row fusion-row\"><div class=\"fusion-layout-column fusion_builder_column fusion-builder-column-2 fusion_builder_column_1_1 1_1 fusion-one-full fusion-column-first fusion-column-last\" style=\"margin-top:0px;margin-bottom:20px;\"><div class=\"fusion-column-wrapper fusion-flex-column-wrapper-legacy\" style=\"background-position:left top;background-repeat:no-repeat;-webkit-background-size:cover;-moz-background-size:cover;-o-background-size:cover;background-size:cover;padding: 0px 0px 0px 0px;\"><style type=\"text\/css\"><\/style><div class=\"fusion-title title fusion-title-3 fusion-sep-none fusion-title-text fusion-title-size-one\" style=\"font-size:42px;margin-top:10px;margin-right:0px;margin-bottom:15px;margin-left:0px;\"><h1 class=\"title-heading-left\" style=\"margin:0;font-size:1em;\"><h2>Soluci\u00f3n RESCON<\/h2><\/h1><\/div><div class=\"fusion-sep-clear\"><\/div><div class=\"fusion-separator fusion-full-width-sep\" style=\"margin-left: auto;margin-right: auto;margin-bottom:15px;width:100%;\"><\/div><div class=\"fusion-sep-clear\"><\/div><span class=\"fusion-imageframe imageframe-none imageframe-1 hover-type-none\"><img decoding=\"async\" width=\"1320\" height=\"596\" title=\"gr\u00e1fico RESCON en ingl\u00e9s\" src=\"https:\/\/www.digitaliasoluciones.es\/wp-content\/uploads\/2020\/10\/grafico-RESCON-en-ingles.png\" class=\"img-responsive wp-image-139\" srcset=\"https:\/\/www.digitaliasoluciones.es\/wp-content\/uploads\/2020\/10\/grafico-RESCON-en-ingles-200x90.png 200w, https:\/\/www.digitaliasoluciones.es\/wp-content\/uploads\/2020\/10\/grafico-RESCON-en-ingles-400x181.png 400w, https:\/\/www.digitaliasoluciones.es\/wp-content\/uploads\/2020\/10\/grafico-RESCON-en-ingles-600x271.png 600w, https:\/\/www.digitaliasoluciones.es\/wp-content\/uploads\/2020\/10\/grafico-RESCON-en-ingles-800x361.png 800w, https:\/\/www.digitaliasoluciones.es\/wp-content\/uploads\/2020\/10\/grafico-RESCON-en-ingles-1200x542.png 1200w, https:\/\/www.digitaliasoluciones.es\/wp-content\/uploads\/2020\/10\/grafico-RESCON-en-ingles.png 1320w\" sizes=\"(max-width: 800px) 100vw, 1320px\" \/><\/span><div class=\"fusion-clearfix\"><\/div><\/div><\/div><\/div><\/div><\/div><div id=\"services\"><div class=\"fusion-fullwidth fullwidth-box fusion-builder-row-4 nonhundred-percent-fullwidth non-hundred-percent-height-scrolling\" style=\"background-color: rgba(255,255,255,0);background-position: center center;background-repeat: no-repeat;padding-top:0px;padding-right:0px;padding-bottom:0px;padding-left:0px;margin-bottom: 0px;margin-top: 150px;border-width: 0px 0px 0px 0px;border-color:#e2e2e2;border-style:solid;\" ><div class=\"fusion-builder-row fusion-row\"><div class=\"fusion-layout-column fusion_builder_column fusion-builder-column-3 fusion_builder_column_1_1 1_1 fusion-one-full fusion-column-first fusion-column-last\" style=\"margin-top:0px;margin-bottom:20px;\"><div class=\"fusion-column-wrapper fusion-flex-column-wrapper-legacy\" style=\"background-position:left top;background-repeat:no-repeat;-webkit-background-size:cover;-moz-background-size:cover;-o-background-size:cover;background-size:cover;padding: 0px 0px 0px 0px;\"><div class=\"fusion-column-content-centered\"><div class=\"fusion-column-content\"><div class=\"fusion-content-boxes content-boxes columns row fusion-columns-3 fusion-columns-total-6 fusion-content-boxes-1 content-boxes-timeline-horizontal content-left content-boxes-icon-on-top content-boxes-timeline-layout fusion-delayed-animation\" data-animation-delay=\"350\" data-animationoffset=\"100%\" style=\"margin-top:;margin-bottom:;\"><style type=\"text\/css\">.fusion-content-boxes-1 .heading .content-box-heading {color:#212934;}\n\t\t\t\t\t.fusion-content-boxes-1 .fusion-content-box-hover .link-area-link-icon-hover .heading .content-box-heading,\n\t\t\t\t\t.fusion-content-boxes-1 .fusion-content-box-hover .link-area-link-icon-hover .heading .heading-link .content-box-heading,\n\t\t\t\t\t.fusion-content-boxes-1 .fusion-content-box-hover .link-area-box-hover .heading .content-box-heading,\n\t\t\t\t\t.fusion-content-boxes-1 .fusion-content-box-hover .link-area-box-hover .heading .heading-link .content-box-heading,\n\t\t\t\t\t.fusion-content-boxes-1 .fusion-content-box-hover .link-area-link-icon-hover.link-area-box .fusion-read-more,\n\t\t\t\t\t.fusion-content-boxes-1 .fusion-content-box-hover .link-area-link-icon-hover.link-area-box .fusion-read-more::after,\n\t\t\t\t\t.fusion-content-boxes-1 .fusion-content-box-hover .link-area-link-icon-hover.link-area-box .fusion-read-more::before,\n\t\t\t\t\t.fusion-content-boxes-1 .fusion-content-box-hover .fusion-read-more:hover:after,\n\t\t\t\t\t.fusion-content-boxes-1 .fusion-content-box-hover .fusion-read-more:hover:before,\n\t\t\t\t\t.fusion-content-boxes-1 .fusion-content-box-hover .fusion-read-more:hover,\n\t\t\t\t\t.fusion-content-boxes-1 .fusion-content-box-hover .link-area-box-hover.link-area-box .fusion-read-more,\n\t\t\t\t\t.fusion-content-boxes-1 .fusion-content-box-hover .link-area-box-hover.link-area-box .fusion-read-more::after,\n\t\t\t\t\t.fusion-content-boxes-1 .fusion-content-box-hover .link-area-box-hover.link-area-box .fusion-read-more::before,\n\t\t\t\t\t.fusion-content-boxes-1 .fusion-content-box-hover .link-area-link-icon-hover .icon .circle-no,\n\t\t\t\t\t.fusion-content-boxes-1 .heading .heading-link:hover .content-box-heading {\n\t\t\t\t\t\tcolor: #65bc7b;\n\t\t\t\t\t}\n\t\t\t\t\t.fusion-content-boxes-1 .fusion-content-box-hover .link-area-box-hover .icon .circle-no {\n\t\t\t\t\t\tcolor: #65bc7b !important;\n\t\t\t\t\t}.fusion-content-boxes-1 .fusion-content-box-hover .link-area-box.link-area-box-hover .fusion-content-box-button {background: #c6c6c6;color: #000000;background-image: -webkit-gradient( linear, left bottom, left top, from( #c1c1c1 ), to( #c6c6c6 ) );background-image: linear-gradient( to top, #c1c1c1, #c6c6c6 )}.fusion-content-boxes-1 .fusion-content-box-hover .link-area-box.link-area-box-hover .fusion-content-box-button .fusion-button-text {color: #000000;}\n\t\t\t\t\t.fusion-content-boxes-1 .fusion-content-box-hover .link-area-link-icon-hover .heading .icon > span {\n\t\t\t\t\t\tbackground-color: #65bc7b !important;\n\t\t\t\t\t}\n\t\t\t\t\t.fusion-content-boxes-1 .fusion-content-box-hover .link-area-box-hover .heading .icon > span {\n\t\t\t\t\t\tborder-color: #65bc7b !important;\n\t\t\t\t\t}<\/style><div class=\"fusion-column content-box-column content-box-column content-box-column-1 col-lg-4 col-md-4 col-sm-4 fusion-content-box-hover content-box-column-first-in-row\"><div class=\"col content-box-wrapper content-wrapper link-area-link-icon icon-hover-animation-fade fusion-animated\" style=\"background-color:rgba(255,255,255,0);\" data-animationtype=\"fadeIn\" data-animationduration=\"0.25\" data-animationoffset=\"100%\"><div class=\"heading heading-with-icon icon-left\"><div class=\"icon\" style=\"-webkit-animation-duration: 350ms;animation-duration: 350ms;\"><i style=\"border-color:rgba(33,41,52,0);border-width:1px;background-color:#212934;box-sizing:content-box;height:40px;width:40px;line-height:40px;border-radius:50%;color:#ffffff;font-size:20px;\" aria-hidden=\"true\" class=\"fontawesome-icon fa-clock fas circle-yes\"><\/i><\/div><\/div><div class=\"fusion-clearfix\"><\/div><div class=\"content-container\" style=\"color:#4a4e57;\">\n<p>Cuantificaci\u00f3n del complejo proceso de hidrataci\u00f3n y la formaci\u00f3n de la microestructura del hormig\u00f3n in situ.<\/p>\n<\/div><div class=\"content-box-shortcode-timeline\" style=\"border-color:rgba(255,255,255,0);top:20px;-webkit-transition-duration: 350ms;animation-duration: 350ms;\"><\/div><\/div><\/div><div class=\"fusion-column content-box-column content-box-column content-box-column-2 col-lg-4 col-md-4 col-sm-4 fusion-content-box-hover\"><div class=\"col content-box-wrapper content-wrapper link-area-link-icon icon-hover-animation-fade fusion-animated\" style=\"background-color:rgba(255,255,255,0);\" data-animationtype=\"fadeIn\" data-animationduration=\"0.25\" data-animationoffset=\"100%\"><div class=\"heading heading-with-icon icon-left\"><div class=\"icon\" style=\"-webkit-animation-duration: 350ms;animation-duration: 350ms;\"><i style=\"border-color:rgba(33,41,52,0);border-width:1px;background-color:#212934;box-sizing:content-box;height:40px;width:40px;line-height:40px;border-radius:50%;color:#ffffff;font-size:20px;\" aria-hidden=\"true\" class=\"fontawesome-icon fa-project-diagram fas circle-yes\"><\/i><\/div><\/div><div class=\"fusion-clearfix\"><\/div><div class=\"content-container\" style=\"color:#4a4e57;\">\n<p>Combina el uso de sensores, inteligencia artificial y tecnolog\u00edas cloud.<\/p>\n<\/div><div class=\"content-box-shortcode-timeline\" style=\"border-color:rgba(255,255,255,0);top:20px;-webkit-transition-duration: 350ms;animation-duration: 350ms;\"><\/div><\/div><\/div><div class=\"fusion-column content-box-column content-box-column content-box-column-3 col-lg-4 col-md-4 col-sm-4 fusion-content-box-hover content-box-column-last-in-row\"><div class=\"col content-box-wrapper content-wrapper link-area-link-icon icon-hover-animation-fade fusion-animated\" style=\"background-color:rgba(255,255,255,0);\" data-animationtype=\"fadeIn\" data-animationduration=\"0.25\" data-animationoffset=\"100%\"><div class=\"heading heading-with-icon icon-left\"><div class=\"icon\" style=\"-webkit-animation-duration: 350ms;animation-duration: 350ms;\"><i style=\"border-color:rgba(33,41,52,0);border-width:1px;background-color:#212934;box-sizing:content-box;height:40px;width:40px;line-height:40px;border-radius:50%;color:#ffffff;font-size:20px;\" aria-hidden=\"true\" class=\"fontawesome-icon fa-server fas circle-yes\"><\/i><\/div><\/div><div class=\"fusion-clearfix\"><\/div><div class=\"content-container\" style=\"color:#4a4e57;\">\n<p>incluye un nuevo enfoque que permite visualizar datos concretos de resistencia directamente en modelos BIM.<\/p>\n<\/div><div class=\"content-box-shortcode-timeline\" style=\"border-color:rgba(255,255,255,0);top:20px;-webkit-transition-duration: 350ms;animation-duration: 350ms;\"><\/div><\/div><\/div><div class=\"fusion-column content-box-column content-box-column content-box-column-4 col-lg-4 col-md-4 col-sm-4 fusion-content-box-hover content-box-column-first-in-row\"><div class=\"col content-box-wrapper content-wrapper link-area-link-icon icon-hover-animation-fade fusion-animated\" style=\"background-color:rgba(255,255,255,0);\" data-animationtype=\"fadeIn\" data-animationduration=\"0.25\" data-animationoffset=\"100%\"><div class=\"heading heading-with-icon icon-left\"><div class=\"icon\" style=\"-webkit-animation-duration: 350ms;animation-duration: 350ms;\"><i style=\"border-color:rgba(33,41,52,0);border-width:1px;background-color:#212934;box-sizing:content-box;height:40px;width:40px;line-height:40px;border-radius:50%;color:#ffffff;font-size:20px;\" aria-hidden=\"true\" class=\"fontawesome-icon fa-desktop fas circle-yes\"><\/i><\/div><\/div><div class=\"fusion-clearfix\"><\/div><div class=\"content-container\" style=\"color:#4a4e57;\">\n<p>Podr\u00e1n acceder a toda esta informaci\u00f3n en tiempo real de forma sencilla y amigable.<\/p>\n<\/div><div class=\"content-box-shortcode-timeline\" style=\"border-color:rgba(255,255,255,0);top:20px;-webkit-transition-duration: 350ms;animation-duration: 350ms;\"><\/div><\/div><\/div><div class=\"fusion-column content-box-column content-box-column content-box-column-5 col-lg-4 col-md-4 col-sm-4 fusion-content-box-hover\"><div class=\"col content-box-wrapper content-wrapper link-area-link-icon icon-hover-animation-fade fusion-animated\" style=\"background-color:rgba(255,255,255,0);\" data-animationtype=\"fadeIn\" data-animationduration=\"0.25\" data-animationoffset=\"100%\"><div class=\"heading heading-with-icon icon-left\"><div class=\"icon\" style=\"-webkit-animation-duration: 350ms;animation-duration: 350ms;\"><i style=\"border-color:rgba(33,41,52,0);border-width:1px;background-color:#212934;box-sizing:content-box;height:40px;width:40px;line-height:40px;border-radius:50%;color:#ffffff;font-size:20px;\" aria-hidden=\"true\" class=\"fontawesome-icon fa-hand-holding-usd fas circle-yes\"><\/i><\/div><\/div><div class=\"fusion-clearfix\"><\/div><div class=\"content-container\" style=\"color:#4a4e57;\">\n<p>Ser\u00e1 posible ahorrar entre un 30 y un 60% de tiempo en la duraci\u00f3n de los trabajos de hormigonado.<\/p>\n<\/div><div class=\"content-box-shortcode-timeline\" style=\"border-color:rgba(255,255,255,0);top:20px;-webkit-transition-duration: 350ms;animation-duration: 350ms;\"><\/div><\/div><\/div><div class=\"fusion-column content-box-column content-box-column content-box-column-6 col-lg-4 col-md-4 col-sm-4 fusion-content-box-hover content-box-column-last content-box-column-last-in-row\"><div class=\"col content-box-wrapper content-wrapper link-area-link-icon icon-hover-animation-fade fusion-animated\" style=\"background-color:rgba(255,255,255,0);\" data-animationtype=\"fadeIn\" data-animationduration=\"0.25\" data-animationoffset=\"100%\"><div class=\"heading heading-with-icon icon-left\"><div class=\"icon\" style=\"-webkit-animation-duration: 350ms;animation-duration: 350ms;\"><i style=\"border-color:rgba(33,41,52,0);border-width:1px;background-color:#212934;box-sizing:content-box;height:40px;width:40px;line-height:40px;border-radius:50%;color:#ffffff;font-size:20px;\" aria-hidden=\"true\" class=\"fontawesome-icon fa-clipboard-list fas circle-yes\"><\/i><\/div><\/div><div class=\"fusion-clearfix\"><\/div><div class=\"content-container\" style=\"color:#4a4e57;\">\n<p>Superar las limitaciones de los sistemas de la competencia, como los madur\u00edmetros, dando a la soluci\u00f3n un gran valor a\u00f1adido y asegurando su exitosa entrada en el mercado.<\/p>\n<\/div><div class=\"content-box-shortcode-timeline\" style=\"border-color:rgba(255,255,255,0);top:20px;-webkit-transition-duration: 350ms;animation-duration: 350ms;\"><\/div><\/div><\/div><style type=\"text\/css\">\n\t\t\t\t\t\t.fusion-content-boxes-1 .fusion-content-box-hover .heading-link:hover .icon i.circle-yes,\n\t\t\t\t\t\t.fusion-content-boxes-1 .fusion-content-box-hover .link-area-box:hover .heading-link .icon i.circle-yes,\n\t\t\t\t\t\t.fusion-content-boxes-1 .fusion-content-box-hover .link-area-link-icon-hover .heading .icon i.circle-yes,\n\t\t\t\t\t\t.fusion-content-boxes-1 .fusion-content-box-hover .link-area-box-hover .heading .icon i.circle-yes {\n\t\t\t\t\t\t\tbackground-color: #65bc7b !important;\n\t\t\t\t\t\t\tborder-color: #65bc7b !important;\n\t\t\t\t\t\t}<\/style><div class=\"fusion-clearfix\"><\/div><\/div><\/div><\/div><div class=\"fusion-clearfix\"><\/div><\/div><\/div><\/div><\/div><\/div><\/p>","protected":false},"excerpt":{"rendered":"","protected":false},"author":3,"featured_media":0,"parent":0,"menu_order":0,"comment_status":"closed","ping_status":"closed","template":"100-width.php","meta":{"footnotes":""},"class_list":["post-136","page","type-page","status-publish","hentry"],"_links":{"self":[{"href":"https:\/\/www.digitaliasoluciones.es\/es\/wp-json\/wp\/v2\/pages\/136","targetHints":{"allow":["GET"]}}],"collection":[{"href":"https:\/\/www.digitaliasoluciones.es\/es\/wp-json\/wp\/v2\/pages"}],"about":[{"href":"https:\/\/www.digitaliasoluciones.es\/es\/wp-json\/wp\/v2\/types\/page"}],"author":[{"embeddable":true,"href":"https:\/\/www.digitaliasoluciones.es\/es\/wp-json\/wp\/v2\/users\/3"}],"replies":[{"embeddable":true,"href":"https:\/\/www.digitaliasoluciones.es\/es\/wp-json\/wp\/v2\/comments?post=136"}],"version-history":[{"count":0,"href":"https:\/\/www.digitaliasoluciones.es\/es\/wp-json\/wp\/v2\/pages\/136\/revisions"}],"wp:attachment":[{"href":"https:\/\/www.digitaliasoluciones.es\/es\/wp-json\/wp\/v2\/media?parent=136"}],"curies":[{"name":"wp","href":"https:\/\/api.w.org\/{rel}","templated":true}]}}